{"id":745,"date":"2024-04-09T08:56:48","date_gmt":"2024-04-09T05:56:48","guid":{"rendered":"https:\/\/testi.outloud.fi\/?page_id=745"},"modified":"2025-05-16T11:02:28","modified_gmt":"2025-05-16T08:02:28","slug":"kuulorata","status":"publish","type":"page","link":"https:\/\/test.outloud.fi\/en\/kuulorata\/","title":{"rendered":"Kuulorata"},"content":{"rendered":"<div class=\"fusion-fullwidth fullwidth-box fusion-builder-row-1 fusion-flex-container has-pattern-background has-mask-background nonhundred-percent-fullwidth non-hundred-percent-height-scrolling layout-common\" style=\"--awb-border-radius-top-left:0px;--awb-border-radius-top-right:0px;--awb-border-radius-bottom-right:0px;--awb-border-radius-bottom-left:0px;--awb-flex-wrap:wrap;\" ><div class=\"fusion-builder-row fusion-row fusion-flex-align-items-flex-start fusion-flex-content-wrap\" style=\"max-width:1955.2px;margin-left: calc(-4% \/ 2 );margin-right: calc(-4% \/ 2 );\"><div class=\"fusion-layout-column fusion_builder_column fusion-builder-column-0 fusion_builder_column_1_2 1_2 fusion-flex-column\" style=\"--awb-bg-size:cover;--awb-width-large:50%;--awb-margin-top-large:0px;--awb-spacing-right-large:3.84%;--awb-margin-bottom-large:20px;--awb-spacing-left-large:3.84%;--awb-width-medium:50%;--awb-order-medium:0;--awb-spacing-right-medium:3.84%;--awb-spacing-left-medium:3.84%;--awb-width-small:100%;--awb-order-small:0;--awb-spacing-right-small:1.92%;--awb-spacing-left-small:1.92%;\"><div class=\"fusion-column-wrapper fusion-column-has-shadow fusion-flex-justify-content-flex-start fusion-content-layout-column\"><div class=\"fusion-title title fusion-title-1 fusion-sep-none fusion-title-text fusion-title-size-one\" style=\"--awb-margin-top-small:10px;--awb-margin-right-small:0px;--awb-margin-bottom-small:10px;--awb-margin-left-small:0px;\"><h1 class=\"fusion-title-heading title-heading-left\" style=\"margin:0;\">Kuulorata-sovelluksen k\u00e4yt\u00f6ll\u00e4 tarkkuutta kuulemiseen<\/h1><\/div><div class=\"fusion-text fusion-text-1 control-text-width\"><p>Kaipaatko erilaisiin \u00e4\u00e4niin totuttelua ja harjoitusta tai tarkkuutta puheen kuulemiseen? Jos sinulla on Android- tai Apple-matkapuhelin tai iPad-tablettitietokone, voit ladata sovelluskaupasta ilmaiseksi Outloudin tuottaman kuulonharjoitussovelluksen, jonka avulla harjoitellaan sanojen ja lauseiden tunnistusta sek\u00e4 musiikin kuuntelua.<\/p>\n<\/div><div style=\"text-align:center;\"><a class=\"fusion-button button-flat fusion-button-default-size button-default fusion-button-default button-1 fusion-button-span-yes fusion-button-default-type\" style=\"--awb-margin-right:25%;--awb-margin-bottom:20px;--awb-margin-left:25%;\" target=\"_self\" href=\"https:\/\/play.google.com\/store\/apps\/details?id=com.outloudapps.kuulorata&amp;hl=fi\"><span class=\"fusion-button-text awb-button__text awb-button__text--default\">Google Play -latauslinkki<\/span><\/a><\/div><div style=\"text-align:center;\"><a class=\"fusion-button button-flat fusion-button-default-size button-default fusion-button-default button-2 fusion-button-span-yes fusion-button-default-type\" style=\"--awb-margin-right:25%;--awb-margin-left:25%;\" target=\"_self\" href=\"https:\/\/apps.apple.com\/fi\/app\/kuulorata\/id1543362171?l=fi\"><span class=\"fusion-button-text awb-button__text awb-button__text--default\">App Store -latauslinkki<\/span><\/a><\/div><\/div><\/div><div class=\"fusion-layout-column fusion_builder_column fusion-builder-column-1 fusion_builder_column_1_2 1_2 fusion-flex-column\" style=\"--awb-bg-size:cover;--awb-width-large:50%;--awb-margin-top-large:0px;--awb-spacing-right-large:3.84%;--awb-margin-bottom-large:20px;--awb-spacing-left-large:3.84%;--awb-width-medium:50%;--awb-order-medium:0;--awb-spacing-right-medium:3.84%;--awb-spacing-left-medium:3.84%;--awb-width-small:100%;--awb-order-small:0;--awb-spacing-right-small:1.92%;--awb-spacing-left-small:1.92%;\"><div class=\"fusion-column-wrapper fusion-column-has-shadow fusion-flex-justify-content-flex-start fusion-content-layout-column\"><div class=\"fusion-image-element \" style=\"--awb-caption-title-font-family:var(--h2_typography-font-family);--awb-caption-title-font-weight:var(--h2_typography-font-weight);--awb-caption-title-font-style:var(--h2_typography-font-style);--awb-caption-title-size:var(--h2_typography-font-size);--awb-caption-title-transform:var(--h2_typography-text-transform);--awb-caption-title-line-height:var(--h2_typography-line-height);--awb-caption-title-letter-spacing:var(--h2_typography-letter-spacing);\"><span class=\" fusion-imageframe imageframe-none imageframe-1 hover-type-none\"><img decoding=\"async\" width=\"512\" height=\"512\" title=\"Kuulorata\" src=\"https:\/\/test.outloud.fi\/wp-content\/uploads\/2024\/03\/kuulorata.png\" data-orig-src=\"https:\/\/testi.outloud.fi\/wp-content\/uploads\/2024\/03\/kuulorata.png\" alt class=\"lazyload img-responsive wp-image-362\" srcset=\"data:image\/svg+xml,%3Csvg%20xmlns%3D%27http%3A%2F%2Fwww.w3.org%2F2000%2Fsvg%27%20width%3D%27512%27%20height%3D%27512%27%20viewBox%3D%270%200%20512%20512%27%3E%3Crect%20width%3D%27512%27%20height%3D%27512%27%20fill-opacity%3D%220%22%2F%3E%3C%2Fsvg%3E\" data-srcset=\"https:\/\/test.outloud.fi\/wp-content\/uploads\/2024\/03\/kuulorata-200x200.png 200w, https:\/\/test.outloud.fi\/wp-content\/uploads\/2024\/03\/kuulorata-400x400.png 400w, https:\/\/test.outloud.fi\/wp-content\/uploads\/2024\/03\/kuulorata.png 512w\" data-sizes=\"auto\" data-orig-sizes=\"(max-width: 600px) 100vw, 512px\" \/><\/span><\/div><\/div><\/div><div class=\"fusion-layout-column fusion_builder_column fusion-builder-column-2 fusion_builder_column_1_2 1_2 fusion-flex-column\" style=\"--awb-bg-size:cover;--awb-width-large:50%;--awb-margin-top-large:0px;--awb-spacing-right-large:3.84%;--awb-margin-bottom-large:20px;--awb-spacing-left-large:3.84%;--awb-width-medium:50%;--awb-order-medium:0;--awb-spacing-right-medium:3.84%;--awb-spacing-left-medium:3.84%;--awb-width-small:100%;--awb-order-small:0;--awb-spacing-right-small:1.92%;--awb-spacing-left-small:1.92%;\"><div class=\"fusion-column-wrapper fusion-column-has-shadow fusion-flex-justify-content-flex-start fusion-content-layout-column\"><div class=\"fusion-title title fusion-title-2 fusion-sep-none fusion-title-text fusion-title-size-two\" style=\"--awb-margin-top-small:10px;--awb-margin-right-small:0px;--awb-margin-bottom-small:10px;--awb-margin-left-small:0px;\"><h2 class=\"fusion-title-heading title-heading-left\" style=\"margin:0;\">Helppok\u00e4ytt\u00f6inen sovellus<\/h2><\/div><div class=\"fusion-text fusion-text-2\"><p>Kuulorata-sovelluksen k\u00e4ytt\u00f6 on hyvin selke\u00e4\u00e4 ja yksinkertaista. Helpon k\u00e4ytett\u00e4vyytens\u00e4 ja pelillisyytens\u00e4 avulla sovellus tukee itsen\u00e4ist\u00e4 harjoittelua. Harjoitusten vaikeustason voi valita ja sovellus antaa palautetta teht\u00e4viss\u00e4 onnistumisesta ja siin\u00e4 edistymisess\u00e4. Harjoitusten teon tekev\u00e4t mielenkiintoisiksi my\u00f6s niiden pelinomainen muoto: lauseen t\u00e4ydennysteht\u00e4vien, muistipelien ja bingon parissa harjoitellessa saa my\u00f6s viihty\u00e4!<\/p>\n<p>Sovelluksen teht\u00e4viss\u00e4 puhujina ovat nainen ja mies. K\u00e4ytt\u00e4j\u00e4 voi valita, haluaako kuunnella harjoituksia naisen vai miehen puhumana vai kokeilla niit\u00e4 molempia.<\/p>\n<\/div><\/div><\/div><div class=\"fusion-layout-column fusion_builder_column fusion-builder-column-3 fusion_builder_column_1_2 1_2 fusion-flex-column\" style=\"--awb-bg-size:cover;--awb-width-large:50%;--awb-margin-top-large:0px;--awb-spacing-right-large:3.84%;--awb-margin-bottom-large:20px;--awb-spacing-left-large:3.84%;--awb-width-medium:50%;--awb-order-medium:0;--awb-spacing-right-medium:3.84%;--awb-spacing-left-medium:3.84%;--awb-width-small:100%;--awb-order-small:0;--awb-spacing-right-small:1.92%;--awb-spacing-left-small:1.92%;\"><div class=\"fusion-column-wrapper fusion-column-has-shadow fusion-flex-justify-content-flex-start fusion-content-layout-column\"><div class=\"fusion-title title fusion-title-3 fusion-sep-none fusion-title-text fusion-title-size-two\" style=\"--awb-margin-top-small:10px;--awb-margin-right-small:0px;--awb-margin-bottom-small:10px;--awb-margin-left-small:0px;\"><h2 class=\"fusion-title-heading title-heading-left\" style=\"margin:0;\">Kuulorata-sovelluksen avulla voi kuunnella sanoja ja lauseita<\/h2><\/div><div class=\"fusion-text fusion-text-3\"><ul>\n<li>ilman taustah\u00e4ly\u00e4<\/li>\n<li>kohinah\u00e4lyss\u00e4<\/li>\n<li>puheensorinah\u00e4lyss\u00e4<\/li>\n<li>kaiun kanssa<\/li>\n<\/ul>\n<\/div><\/div><\/div><div class=\"fusion-layout-column fusion_builder_column fusion-builder-column-4 fusion_builder_column_1_2 1_2 fusion-flex-column\" style=\"--awb-bg-size:cover;--awb-width-large:50%;--awb-margin-top-large:0px;--awb-spacing-right-large:3.84%;--awb-margin-bottom-large:20px;--awb-spacing-left-large:3.84%;--awb-width-medium:50%;--awb-order-medium:0;--awb-spacing-right-medium:3.84%;--awb-spacing-left-medium:3.84%;--awb-width-small:100%;--awb-order-small:0;--awb-spacing-right-small:1.92%;--awb-spacing-left-small:1.92%;\"><div class=\"fusion-column-wrapper fusion-column-has-shadow fusion-flex-justify-content-flex-start fusion-content-layout-column\"><div class=\"fusion-title title fusion-title-4 fusion-sep-none fusion-title-text fusion-title-size-three\" style=\"--awb-margin-top-small:10px;--awb-margin-right-small:0px;--awb-margin-bottom-small:10px;--awb-margin-left-small:0px;\"><h3 class=\"fusion-title-heading title-heading-left\" style=\"margin:0;\">Miksi kuuloharjoituksia on hyv\u00e4 tehd\u00e4?<\/h3><\/div><div class=\"fusion-text fusion-text-4\"><p>Kuulorata-sovelluksen avulla voit harjoittaa kuuloasi. Sovellus sis\u00e4lt\u00e4\u00e4 erilaisia musiikki- ja puheteht\u00e4vi\u00e4 sek\u00e4 pelej\u00e4. Tutkimukset osoittavat, ett\u00e4 kuulonharjoituksista on kuulonapuv\u00e4lineit\u00e4 k\u00e4ytt\u00e4ville hy\u00f6ty\u00e4 <strong>[1]<\/strong>. Jo esimerkiksi kuulokojeen ottaminen s\u00e4\u00e4nn\u00f6lliseen k\u00e4ytt\u00f6\u00f6n aloittaa kuulon kuntoutumisen: \u00e4\u00e4net vahvistuvat ja kuulumattomissa olleita \u00e4\u00e4ni\u00e4 tulee kuuluviin. Kun t\u00e4h\u00e4n kokop\u00e4iv\u00e4iseen arki\u00e4\u00e4nien kuulonkuntoutukseen lis\u00e4t\u00e4\u00e4n tehostettu kuulonharjoitusten tekeminen, saadaan lis\u00e4\u00e4 hy\u00f6ty\u00e4.<\/p>\n<p>Lis\u00e4ksi kuulonharjoitukset tukevat kuulotiedon k\u00e4sittelyyn liittyvi\u00e4 aivotoimintoja, kuten kuulomuistia <strong>[2]<\/strong>.<br \/>\nKuulorata-sovellus pyrkii pelillisyytens\u00e4 ja helpon k\u00e4ytett\u00e4vyytens\u00e4 avulla tukemaan itsen\u00e4ist\u00e4 harjoittelua <strong>[3]<\/strong>. Puheen kuuntelun lis\u00e4ksi on suositeltavaa tehd\u00e4 my\u00f6s sovelluksen musiikkiteht\u00e4vi\u00e4. Musiikin kuuntelu kehitt\u00e4\u00e4 nimitt\u00e4in monia kuulonvaraisia taitoja, kuten \u00e4\u00e4nten erottelu-, tunnistamis- ja paikallistamistaitoja <strong>[4]<\/strong>.<\/p>\n<\/div><\/div><\/div><div class=\"fusion-layout-column fusion_builder_column fusion-builder-column-5 fusion_builder_column_1_2 1_2 fusion-flex-column\" style=\"--awb-bg-size:cover;--awb-width-large:50%;--awb-margin-top-large:0px;--awb-spacing-right-large:3.84%;--awb-margin-bottom-large:20px;--awb-spacing-left-large:3.84%;--awb-width-medium:50%;--awb-order-medium:0;--awb-spacing-right-medium:3.84%;--awb-spacing-left-medium:3.84%;--awb-width-small:100%;--awb-order-small:0;--awb-spacing-right-small:1.92%;--awb-spacing-left-small:1.92%;\"><div class=\"fusion-column-wrapper fusion-column-has-shadow fusion-flex-justify-content-flex-start fusion-content-layout-column\"><div class=\"fusion-title title fusion-title-5 fusion-sep-none fusion-title-text fusion-title-size-three\" style=\"--awb-margin-top-small:10px;--awb-margin-right-small:0px;--awb-margin-bottom-small:10px;--awb-margin-left-small:0px;\"><h3 class=\"fusion-title-heading title-heading-left\" style=\"margin:0;\">Kuulonharjoitusten avulla pyrit\u00e4\u00e4n<\/h3><\/div><div class=\"fusion-text fusion-text-5\"><ul>\n<li>totuttamaan kuulokojeiden ja sis\u00e4korvaistutteiden k\u00e4ytt\u00f6\u00f6n.<\/li>\n<li>parantamaan niist\u00e4 saatavaa hy\u00f6ty\u00e4.<\/li>\n<li>lis\u00e4\u00e4m\u00e4\u00e4n niiden s\u00e4\u00e4nn\u00f6llist\u00e4 k\u00e4ytt\u00f6\u00e4.<\/li>\n<\/ul>\n<\/div><\/div><\/div><div class=\"fusion-layout-column fusion_builder_column fusion-builder-column-6 fusion_builder_column_1_2 1_2 fusion-flex-column\" style=\"--awb-bg-size:cover;--awb-width-large:50%;--awb-margin-top-large:0px;--awb-spacing-right-large:3.84%;--awb-margin-bottom-large:20px;--awb-spacing-left-large:3.84%;--awb-width-medium:50%;--awb-order-medium:0;--awb-spacing-right-medium:3.84%;--awb-spacing-left-medium:3.84%;--awb-width-small:100%;--awb-order-small:0;--awb-spacing-right-small:1.92%;--awb-spacing-left-small:1.92%;\"><div class=\"fusion-column-wrapper fusion-column-has-shadow fusion-flex-justify-content-flex-start fusion-content-layout-column\"><div class=\"fusion-title title fusion-title-6 fusion-sep-none fusion-title-text fusion-title-size-four\" style=\"--awb-margin-top-small:10px;--awb-margin-right-small:0px;--awb-margin-bottom-small:10px;--awb-margin-left-small:0px;\"><h4 class=\"fusion-title-heading title-heading-left\" style=\"margin:0;\">Apua kuulokojeen tai sis\u00e4korvaistutteen k\u00e4ytt\u00f6\u00f6n ja totutteluun<\/h4><\/div><div class=\"fusion-text fusion-text-6\"><p>TAYSin kuulokeskuksen puheterapeutti Sari Vikman on my\u00f6s yksi Kuulorata-sovellukseen teht\u00e4vi\u00e4 kehitelleest\u00e4 puheterapeuttien ryhm\u00e4st\u00e4. H\u00e4nen mukaansa kuulokojeilla tai sis\u00e4korvaistutteella kuuntelemiseen tarvitaan usein harjoitusta, jotta niist\u00e4 saataisiin paras mahdollinen hy\u00f6ty. \u201dPuheesta on vaikeinta saada selv\u00e4\u00e4 silloin, kun puheen taustalla kuuluu h\u00e4ly\u00e4 tai tila on kaikuva.\u201d, Sari toteaa pitk\u00e4aikaisena k\u00e4yt\u00e4nn\u00f6n kokemuksenaan.<\/p>\n<p>Kuulokojeen ja sis\u00e4korvaistutteen k\u00e4ytt\u00e4minen ja kuulonharjoitusten tekeminen auttavat saamaan puheesta paremmin selv\u00e4\u00e4. Se yleens\u00e4 lis\u00e4\u00e4 rohkeutta osallistua ihmisten v\u00e4liseen kanssak\u00e4ymiseen ja my\u00f6s helpottaa sit\u00e4. Tiede on my\u00f6s osoittanut, ett\u00e4 tehokas kuulon k\u00e4ytt\u00f6 auttaa pit\u00e4m\u00e4\u00e4n yll\u00e4 henkist\u00e4 vireytt\u00e4.<\/p>\n<p>Musiikin kuuntelu kehitt\u00e4\u00e4 monia kuulonvaraisia taitoja, kuten \u00e4\u00e4nten erottelu-, tunnistamis- ja paikallistamistaitoja. Musiikin ja puheen havaitsemisella on tutkitusti vahva yhteys. \u201dSen vuoksi Kuulorata-sovellukseen haluttiinkin ottaa musiikki vahvasti mukaan ja laatia monipuolisia \u00e4\u00e4nien, soittimien ja kappaleiden erottelu- ja tunnistamisteht\u00e4vi\u00e4.\u201d, korostaa Kerttu Huttunen, h\u00e4nkin puheterapeutti ja Oulun yliopiston logopedian professori. Kerttu iloitsee siit\u00e4, ett\u00e4 laadittuihin teht\u00e4viin musiikin esitt\u00e4jiksi saatiin lahjakkaita opiskelijoita ja kollegoita. Puheen kuuntelun lis\u00e4ksi on siis hyvin suositeltavaa tehd\u00e4 my\u00f6s sovelluksen musiikkiteht\u00e4vi\u00e4.<\/p>\n<\/div><\/div><\/div><div class=\"fusion-layout-column fusion_builder_column fusion-builder-column-7 fusion_builder_column_1_2 1_2 fusion-flex-column\" style=\"--awb-bg-size:cover;--awb-width-large:50%;--awb-margin-top-large:0px;--awb-spacing-right-large:3.84%;--awb-margin-bottom-large:20px;--awb-spacing-left-large:3.84%;--awb-width-medium:50%;--awb-order-medium:0;--awb-spacing-right-medium:3.84%;--awb-spacing-left-medium:3.84%;--awb-width-small:100%;--awb-order-small:0;--awb-spacing-right-small:1.92%;--awb-spacing-left-small:1.92%;\"><div class=\"fusion-column-wrapper fusion-column-has-shadow fusion-flex-justify-content-flex-start fusion-content-layout-column\"><div class=\"fusion-title title fusion-title-7 fusion-sep-none fusion-title-text fusion-title-size-four\" style=\"--awb-margin-top-small:10px;--awb-margin-right-small:0px;--awb-margin-bottom-small:10px;--awb-margin-left-small:0px;\"><h4 class=\"fusion-title-heading title-heading-left\" style=\"margin:0;\">Kuulorata-sovellus on pitk\u00e4n kehittelyn tulos<\/h4><\/div><div class=\"fusion-text fusion-text-7\"><p>Kuulonharjoitusten tarve kasvoi 1990-luvulla erityisen voimakkaasti, kun sis\u00e4korvaistutteet tulivat mukaan kuulon kuntoutukseen. Uuden apuv\u00e4lineen k\u00e4ytt\u00f6\u00f6n totuttelussa tarvitaan nimitt\u00e4in aluksi usein harjoitusta, olipa kyseess\u00e4 sitten kuulokoje tai sis\u00e4korvaistute.<\/p>\n<p>Puheterapeutti Eila Lonka ja foneetikko Reijo Aulanko k\u00e4\u00e4nsiv\u00e4t englannista ja sovittivat suomen kieleen sis\u00e4korvaistutteita valmistavan Cochlear-yrityksen kuulonharjoitusmateriaalin. Puheterapeuttien Kustannus julkaisi Kuulorata k\u00e4ytt\u00f6\u00f6n -materiaalin paperiversiona vuonna 1999. Kun matkapuhelimia alkoi olla hyvin yleisesti k\u00e4yt\u00f6ss\u00e4 niin lapsilla kuin aikuisillakin, puheterapeutti Sari Vikman havaitsi tarpeen siirt\u00e4\u00e4 kuulonharjoitusmateriaalit my\u00f6s digitaaliseen muotoon. Sen my\u00f6t\u00e4 valmistui vuonna 2017 Outloudissa KuulorataPilot-sovellus, joka on toiminut nykyisen Kuulorata-sovelluksen pohjana. Puhuttavaa materiaalia on poimittu Kuulorataan aiemmista teht\u00e4vist\u00e4 valikoiden sek\u00e4 osin muokaten ja laajentaen. Lis\u00e4ksi on laadittu runsaasti uusia harjoituksia. My\u00f6s musiikkiosio on kokonaan uutta tuotantoa.<\/p>\n<\/div><\/div><\/div><div class=\"fusion-layout-column fusion_builder_column fusion-builder-column-8 fusion_builder_column_1_1 1_1 fusion-flex-column small-text\" style=\"--awb-bg-size:cover;--awb-width-large:100%;--awb-margin-top-large:0px;--awb-spacing-right-large:1.92%;--awb-margin-bottom-large:20px;--awb-spacing-left-large:1.92%;--awb-width-medium:100%;--awb-order-medium:0;--awb-spacing-right-medium:1.92%;--awb-spacing-left-medium:1.92%;--awb-width-small:100%;--awb-order-small:0;--awb-spacing-right-small:1.92%;--awb-spacing-left-small:1.92%;\" data-scroll-devices=\"small-visibility,medium-visibility,large-visibility\"><div class=\"fusion-column-wrapper fusion-column-has-shadow fusion-flex-justify-content-flex-start fusion-content-layout-column\"><div class=\"fusion-text fusion-text-8\"><p><strong>[1]<\/strong> Stropahl, M., Besser, J. &amp; Launer, S. (2020). Auditory training supports auditory rehabilitation:<br \/>\n\u200bA state-of-the-art review. <em>Ear and Hearing, 41<\/em>(4), 697\u2013704.<\/p>\n<p><strong>[2]<\/strong> Henshaw H., &amp; Ferguson, M. A. (2015). Auditory training can improve working memory, attention, and communication in adverse conditions for adults with hearing loss. <em>Frontiers in Psychology, 6<\/em>, 556. doi: 10.3389\/fpsyg.2015.00556<\/p>\n<p><strong>[3]<\/strong> Henshaw H., &amp; Ferguson, M. A. (2013). Efficacy of individual computer-based auditory training for people with hearing loss: A systematic review of the evidence. <em>PLoSOne 8<\/em>(5), e62836. doi: 10.1371\/journal.pone.0062836<\/p>\n<p><strong>[4]<\/strong> Ab Shukor, N. F., Lee, J., Seo, Y. J. &amp; Han, W. (2021). Efficacy of music training in hearing aid and cochlear implant users: A systematic review and meta-analysis. <em>Clinical and Experimental Otorhinolaryngology, 14<\/em>(1), 15\u201328. doi: 10.21053\/ceo.2020.00101<\/p>\n<\/div><\/div><\/div><\/div><\/div>\n","protected":false},"excerpt":{"rendered":"","protected":false},"author":1,"featured_media":0,"parent":0,"menu_order":0,"comment_status":"closed","ping_status":"closed","template":"100-width.php","meta":{"footnotes":""},"class_list":["post-745","page","type-page","status-publish","hentry"],"_links":{"self":[{"href":"https:\/\/test.outloud.fi\/en\/wp-json\/wp\/v2\/pages\/745","targetHints":{"allow":["GET"]}}],"collection":[{"href":"https:\/\/test.outloud.fi\/en\/wp-json\/wp\/v2\/pages"}],"about":[{"href":"https:\/\/test.outloud.fi\/en\/wp-json\/wp\/v2\/types\/page"}],"author":[{"embeddable":true,"href":"https:\/\/test.outloud.fi\/en\/wp-json\/wp\/v2\/users\/1"}],"replies":[{"embeddable":true,"href":"https:\/\/test.outloud.fi\/en\/wp-json\/wp\/v2\/comments?post=745"}],"version-history":[{"count":6,"href":"https:\/\/test.outloud.fi\/en\/wp-json\/wp\/v2\/pages\/745\/revisions"}],"predecessor-version":[{"id":1287,"href":"https:\/\/test.outloud.fi\/en\/wp-json\/wp\/v2\/pages\/745\/revisions\/1287"}],"wp:attachment":[{"href":"https:\/\/test.outloud.fi\/en\/wp-json\/wp\/v2\/media?parent=745"}],"curies":[{"name":"wp","href":"https:\/\/api.w.org\/{rel}","templated":true}]}}