{"id":63,"date":"2024-03-06T09:24:24","date_gmt":"2024-03-06T09:24:24","guid":{"rendered":"https:\/\/testi.outloud.fi\/?page_id=63"},"modified":"2025-05-15T15:11:43","modified_gmt":"2025-05-15T12:11:43","slug":"terapiat","status":"publish","type":"page","link":"https:\/\/test.outloud.fi\/en\/terapiat\/","title":{"rendered":"Therapies"},"content":{"rendered":"<p><div class=\"fusion-fullwidth fullwidth-box fusion-builder-row-1 fusion-flex-container has-pattern-background has-mask-background nonhundred-percent-fullwidth non-hundred-percent-height-scrolling\" style=\"--awb-border-radius-top-left:0px;--awb-border-radius-top-right:0px;--awb-border-radius-bottom-right:0px;--awb-border-radius-bottom-left:0px;--awb-margin-bottom:35px;--awb-flex-wrap:wrap;\" ><div class=\"fusion-builder-row fusion-row fusion-flex-align-items-flex-start fusion-flex-content-wrap\" style=\"max-width:1955.2px;margin-left: calc(-4% \/ 2 );margin-right: calc(-4% \/ 2 );\"><div class=\"fusion-layout-column fusion_builder_column fusion-builder-column-0 fusion_builder_column_1_2 1_2 fusion-flex-column column-image\" style=\"--awb-padding-bottom:310px;--awb-overflow:hidden;--awb-bg-size:cover;--awb-border-radius:15px 15px 15px 15px;--awb-width-large:50%;--awb-margin-top-large:20px;--awb-spacing-right-large:4.032%;--awb-margin-bottom-large:23px;--awb-spacing-left-large:6.528%;--awb-width-medium:50%;--awb-order-medium:0;--awb-spacing-right-medium:4.032%;--awb-spacing-left-medium:6.528%;--awb-width-small:100%;--awb-order-small:0;--awb-spacing-right-small:1.92%;--awb-spacing-left-small:1.92%;\"><div class=\"fusion-column-wrapper lazyload fusion-column-has-shadow fusion-flex-justify-content-flex-start fusion-content-layout-column fusion-empty-column-bg-image fusion-column-has-bg-image\" data-bg-url=\"https:\/\/test.outloud.fi\/wp-content\/uploads\/2024\/03\/outloud-5058-300x131.webp\" data-bg=\"https:\/\/test.outloud.fi\/wp-content\/uploads\/2024\/03\/outloud-5058-300x131.webp\"><img decoding=\"async\" class=\"fusion-empty-dims-img-placeholder\" aria-label=\"outloud-5058\" src=\"data:image\/svg+xml,%3Csvg%20xmlns%3D%27http%3A%2F%2Fwww.w3.org%2F2000%2Fsvg%27%20width%3D%27300%27%20height%3D%27131%27%20viewBox%3D%270%200%20300%20131%27%3E%3Crect%20width%3D%27300%27%20height%3D%27131%27%20fill-opacity%3D%220%22%2F%3E%3C%2Fsvg%3E\"><\/div><\/div><div class=\"fusion-layout-column fusion_builder_column fusion-builder-column-1 fusion_builder_column_1_2 1_2 fusion-flex-column\" style=\"--awb-bg-size:cover;--awb-width-large:50%;--awb-margin-top-large:22px;--awb-spacing-right-large:7.296%;--awb-margin-bottom-large:24px;--awb-spacing-left-large:6.528%;--awb-width-medium:50%;--awb-order-medium:0;--awb-spacing-right-medium:7.296%;--awb-spacing-left-medium:6.528%;--awb-width-small:100%;--awb-order-small:0;--awb-spacing-right-small:1.92%;--awb-spacing-left-small:1.92%;\"><div class=\"fusion-column-wrapper fusion-column-has-shadow fusion-flex-justify-content-flex-start fusion-content-layout-column\"><div class=\"fusion-title title fusion-title-1 fusion-sep-none fusion-title-text fusion-title-size-one\" style=\"--awb-margin-top-small:10px;--awb-margin-right-small:0px;--awb-margin-bottom-small:10px;--awb-margin-left-small:0px;\"><h1 class=\"fusion-title-heading title-heading-left\" style=\"margin:0;\">Therapies<\/h1><\/div><div class=\"fusion-text fusion-text-1\"><p>Speech therapy and occupational therapy are forms of healthcare based rehabilitation aimed at strengthening the client's functional capacity and increasing their opportunities to participate in and influence their own life events. Rehabilitation involves learning new skills, maintaining previously learned skills, or relearning lost skills.<\/p>\n<\/div><\/div><\/div><\/div><\/div><div class=\"fusion-fullwidth fullwidth-box fusion-builder-row-2 fusion-flex-container has-pattern-background has-mask-background nonhundred-percent-fullwidth non-hundred-percent-height-scrolling layout-common\" style=\"--awb-border-radius-top-left:0px;--awb-border-radius-top-right:0px;--awb-border-radius-bottom-right:0px;--awb-border-radius-bottom-left:0px;--awb-margin-bottom:70px;--awb-flex-wrap:wrap;\" ><div class=\"fusion-builder-row fusion-row fusion-flex-align-items-flex-start fusion-flex-justify-content-center fusion-flex-content-wrap\" style=\"max-width:1955.2px;margin-left: calc(-4% \/ 2 );margin-right: calc(-4% \/ 2 );\"><div class=\"fusion-layout-column fusion_builder_column fusion-builder-column-2 fusion_builder_column_1_2 1_2 fusion-flex-column\" style=\"--awb-bg-size:cover;--awb-width-large:50%;--awb-margin-top-large:0px;--awb-spacing-right-large:3.84%;--awb-margin-bottom-large:20px;--awb-spacing-left-large:4.416%;--awb-width-medium:50%;--awb-order-medium:0;--awb-spacing-right-medium:3.84%;--awb-spacing-left-medium:4.416%;--awb-width-small:100%;--awb-order-small:0;--awb-spacing-right-small:1.92%;--awb-spacing-left-small:1.92%;\"><div class=\"fusion-column-wrapper fusion-column-has-shadow fusion-flex-justify-content-flex-start fusion-content-layout-column\"><div class=\"fusion-image-element\" style=\"text-align:center;--awb-aspect-ratio:5 \/ 4;--awb-object-position:51% 50%;--awb-margin-bottom:24px;--awb-caption-title-font-family:var(--h2_typography-font-family);--awb-caption-title-font-weight:var(--h2_typography-font-weight);--awb-caption-title-font-style:var(--h2_typography-font-style);--awb-caption-title-size:var(--h2_typography-font-size);--awb-caption-title-transform:var(--h2_typography-text-transform);--awb-caption-title-line-height:var(--h2_typography-line-height);--awb-caption-title-letter-spacing:var(--h2_typography-letter-spacing);\"><span class=\"fusion-imageframe imageframe-none imageframe-1 hover-type-none has-aspect-ratio\" style=\"border-radius:12px;\"><img decoding=\"async\" width=\"512\" height=\"512\" alt=\"Toimintaterapia\" title=\"Occupational Therapy\" src=\"https:\/\/test.outloud.fi\/wp-content\/uploads\/2024\/03\/toimintaterapia-5361.jpg\" data-orig-src=\"https:\/\/testi.outloud.fi\/wp-content\/uploads\/2024\/03\/toimintaterapia-5361.jpg\" class=\"lazyload img-responsive wp-image-425 img-with-aspect-ratio\" data-parent-fit=\"cover\" data-parent-container=\".fusion-image-element\" srcset=\"data:image\/svg+xml,%3Csvg%20xmlns%3D%27http%3A%2F%2Fwww.w3.org%2F2000%2Fsvg%27%20width%3D%27512%27%20height%3D%27512%27%20viewBox%3D%270%200%20512%20512%27%3E%3Crect%20width%3D%27512%27%20height%3D%27512%27%20fill-opacity%3D%220%22%2F%3E%3C%2Fsvg%3E\" data-srcset=\"https:\/\/test.outloud.fi\/wp-content\/uploads\/2024\/03\/toimintaterapia-5361-200x200.jpg 200w, https:\/\/test.outloud.fi\/wp-content\/uploads\/2024\/03\/toimintaterapia-5361-400x400.jpg 400w, https:\/\/test.outloud.fi\/wp-content\/uploads\/2024\/03\/toimintaterapia-5361.jpg 512w\" data-sizes=\"auto\" data-orig-sizes=\"(max-width: 600px) 100vw, 512px\" \/><\/span><\/div><div class=\"fusion-title title fusion-title-2 fusion-sep-none fusion-title-center fusion-title-text fusion-title-size-two\" style=\"--awb-margin-bottom:18px;--awb-margin-top-small:10px;--awb-margin-right-small:0px;--awb-margin-bottom-small:10px;--awb-margin-left-small:0px;\"><h2 class=\"fusion-title-heading title-heading-center\" style=\"margin:0;\">Occupational Therapy<\/h2><\/div><div class=\"fusion-text fusion-text-2 fusion-text-no-margin\" style=\"--awb-content-alignment:center;--awb-margin-bottom:36px;\"><p>Occupational therapy is rehabilitation aimed at enhancing the client's functional ability and active participation in meaningful everyday life.<\/p>\n<\/div><div style=\"text-align:center;\"><a class=\"fusion-button button-flat fusion-button-default-size button-default fusion-button-default button-1 fusion-button-default-span fusion-button-default-type\" target=\"_self\" href=\"https:\/\/testi.outloud.fi\/toimintaterapia\/\"><span class=\"fusion-button-text awb-button__text awb-button__text--default\">About our occupational therapy services<\/span><\/a><\/div><\/div><\/div><div class=\"fusion-layout-column fusion_builder_column fusion-builder-column-3 fusion_builder_column_1_2 1_2 fusion-flex-column\" style=\"--awb-bg-size:cover;--awb-width-large:50%;--awb-margin-top-large:0px;--awb-spacing-right-large:3.84%;--awb-margin-bottom-large:20px;--awb-spacing-left-large:3.84%;--awb-width-medium:50%;--awb-order-medium:0;--awb-spacing-right-medium:3.84%;--awb-spacing-left-medium:3.84%;--awb-width-small:100%;--awb-order-small:0;--awb-spacing-right-small:1.92%;--awb-spacing-left-small:1.92%;\"><div class=\"fusion-column-wrapper fusion-column-has-shadow fusion-flex-justify-content-flex-start fusion-content-layout-column\"><div class=\"fusion-image-element\" style=\"text-align:center;--awb-aspect-ratio:5 \/ 4;--awb-margin-bottom:24px;--awb-caption-title-font-family:var(--h2_typography-font-family);--awb-caption-title-font-weight:var(--h2_typography-font-weight);--awb-caption-title-font-style:var(--h2_typography-font-style);--awb-caption-title-size:var(--h2_typography-font-size);--awb-caption-title-transform:var(--h2_typography-text-transform);--awb-caption-title-line-height:var(--h2_typography-line-height);--awb-caption-title-letter-spacing:var(--h2_typography-letter-spacing);\"><span class=\"fusion-imageframe imageframe-none imageframe-2 hover-type-none has-aspect-ratio\" style=\"border-radius:12px;\"><img decoding=\"async\" width=\"512\" height=\"512\" title=\"Speech Therapy\" src=\"https:\/\/test.outloud.fi\/wp-content\/uploads\/2024\/03\/puheterapia-4604.jpg\" data-orig-src=\"https:\/\/testi.outloud.fi\/wp-content\/uploads\/2024\/03\/puheterapia-4604.jpg\" class=\"lazyload img-responsive wp-image-417 img-with-aspect-ratio\" data-parent-fit=\"cover\" data-parent-container=\".fusion-image-element\" alt srcset=\"data:image\/svg+xml,%3Csvg%20xmlns%3D%27http%3A%2F%2Fwww.w3.org%2F2000%2Fsvg%27%20width%3D%27512%27%20height%3D%27512%27%20viewBox%3D%270%200%20512%20512%27%3E%3Crect%20width%3D%27512%27%20height%3D%27512%27%20fill-opacity%3D%220%22%2F%3E%3C%2Fsvg%3E\" data-srcset=\"https:\/\/test.outloud.fi\/wp-content\/uploads\/2024\/03\/puheterapia-4604-200x200.jpg 200w, https:\/\/test.outloud.fi\/wp-content\/uploads\/2024\/03\/puheterapia-4604-400x400.jpg 400w, https:\/\/test.outloud.fi\/wp-content\/uploads\/2024\/03\/puheterapia-4604.jpg 512w\" data-sizes=\"auto\" data-orig-sizes=\"(max-width: 600px) 100vw, 512px\" \/><\/span><\/div><div class=\"fusion-title title fusion-title-3 fusion-sep-none fusion-title-center fusion-title-text fusion-title-size-two\" style=\"--awb-margin-bottom:17px;--awb-margin-top-small:10px;--awb-margin-right-small:0px;--awb-margin-bottom-small:10px;--awb-margin-left-small:0px;\"><h2 class=\"fusion-title-heading title-heading-center\" style=\"margin:0;\">Speech Therapy<\/h2><\/div><div class=\"fusion-text fusion-text-3 fusion-text-no-margin\" style=\"--awb-content-alignment:center;--awb-margin-bottom:36px;\"><p>The goal of speech therapy is to enhance everyday functioning, communication skills, and well-being. Speech therapy focuses on rehabilitating and preventing disorders related to speech, language, communication, and voice, as well as issues related to eating and swallowing.<\/p>\n<\/div><div style=\"text-align:center;\"><a class=\"fusion-button button-flat fusion-button-default-size button-default fusion-button-default button-2 fusion-button-default-span fusion-button-default-type\" target=\"_self\" href=\"https:\/\/testi.outloud.fi\/puheterapia\/\"><span class=\"fusion-button-text awb-button__text awb-button__text--default\">About our speech therapy services<\/span><\/a><\/div><\/div><\/div><\/div><\/div><div class=\"fusion-fullwidth fullwidth-box fusion-builder-row-3 fusion-flex-container has-pattern-background has-mask-background nonhundred-percent-fullwidth non-hundred-percent-height-scrolling layout-common\" style=\"--awb-border-radius-top-left:0px;--awb-border-radius-top-right:0px;--awb-border-radius-bottom-right:0px;--awb-border-radius-bottom-left:0px;--awb-flex-wrap:wrap;\" ><div class=\"fusion-builder-row fusion-row fusion-flex-align-items-flex-start fusion-flex-content-wrap\" style=\"max-width:1955.2px;margin-left: calc(-4% \/ 2 );margin-right: calc(-4% \/ 2 );\"><div class=\"fusion-layout-column fusion_builder_column fusion-builder-column-4 fusion_builder_column_1_2 1_2 fusion-flex-column text-container\" style=\"--awb-bg-size:cover;--awb-width-large:50%;--awb-margin-top-large:0px;--awb-spacing-right-large:4.416%;--awb-margin-bottom-large:25px;--awb-spacing-left-large:4.416%;--awb-width-medium:50%;--awb-order-medium:0;--awb-spacing-right-medium:4.416%;--awb-spacing-left-medium:4.416%;--awb-width-small:100%;--awb-order-small:0;--awb-spacing-right-small:1.92%;--awb-spacing-left-small:1.92%;\" data-scroll-devices=\"small-visibility,medium-visibility,large-visibility\"><div class=\"fusion-column-wrapper fusion-column-has-shadow fusion-flex-justify-content-flex-start fusion-content-layout-column\"><div class=\"fusion-title title fusion-title-4 fusion-sep-none fusion-title-text fusion-title-size-three\" style=\"--awb-margin-top-small:10px;--awb-margin-right-small:0px;--awb-margin-bottom-small:10px;--awb-margin-left-small:0px;\"><h3 class=\"fusion-title-heading title-heading-left\" style=\"margin:0;\">How can I access rehabilitation?<\/h3><\/div><div class=\"fusion-text fusion-text-4 control-text-width\"><p>You can access therapy with funding from Kela (the Social Insurance Institution of Finland), insurance companies, or through a service voucher from the Pirkanmaa welfare area. You can also come to therapy as a self-paying client.<\/p>\n<p>Our client spots are filled on a first-come, first-served basis, taking into account the client's overall situation and location. Outloud has a procurement agreement for the provision of speech and occupational therapy services in the central insurance district of Kela.<\/p>\n<p>Our reception facilities are located in Hatanp\u00e4\u00e4, Tampere. Assistance dogs are welcome in our premises. You can inquire about our waiting list status by phone or email.<\/p>\n<\/div><\/div><\/div><div class=\"fusion-layout-column fusion_builder_column fusion-builder-column-5 fusion_builder_column_1_2 1_2 fusion-flex-column text-container\" style=\"--awb-bg-size:cover;--awb-width-large:50%;--awb-margin-top-large:0px;--awb-spacing-right-large:4.416%;--awb-margin-bottom-large:25px;--awb-spacing-left-large:4.416%;--awb-width-medium:50%;--awb-order-medium:0;--awb-spacing-right-medium:4.416%;--awb-spacing-left-medium:4.416%;--awb-width-small:100%;--awb-order-small:0;--awb-spacing-right-small:1.92%;--awb-spacing-left-small:1.92%;\" data-scroll-devices=\"small-visibility,medium-visibility,large-visibility\"><div class=\"fusion-column-wrapper fusion-column-has-shadow fusion-flex-justify-content-flex-start fusion-content-layout-column\"><div class=\"fusion-title title fusion-title-5 fusion-sep-none fusion-title-text fusion-title-size-four\" style=\"--awb-margin-top-small:10px;--awb-margin-right-small:0px;--awb-margin-bottom-small:10px;--awb-margin-left-small:0px;\"><h4 class=\"fusion-title-heading title-heading-left\" style=\"margin:0;\">We provide therapy services in the following municipalities<\/h4><\/div><div class=\"fusion-text fusion-text-5 awb-text-cols fusion-text-columns-2 two-column-list\" style=\"--awb-columns:2;--awb-column-spacing:2em;--awb-column-min-width:100px;\"><ul>\n<li>Akaa<\/li>\n<li>H\u00e4meenkyr\u00f6<\/li>\n<li>Ikaalinen<\/li>\n<li>Juupajoki<\/li>\n<li>Kangasala<\/li>\n<li>Kihni\u00f6<\/li>\n<li>Kuhmoinen<\/li>\n<li>Lemp\u00e4\u00e4l\u00e4<\/li>\n<li>M\u00e4ntt\u00e4-Vilppula<\/li>\n<li>Nokia<\/li>\n<li>Orivesi<\/li>\n<li>Parkano<\/li>\n<li>Pirkkala<\/li>\n<li>Punkalaidun<\/li>\n<li>P\u00e4lk\u00e4ne<\/li>\n<li>Ruovesi<\/li>\n<li>Sastamala<\/li>\n<li>Tampere<\/li>\n<li>Urjala<\/li>\n<li>Vesilahti<\/li>\n<li>Virrat<\/li>\n<li>Yl\u00f6j\u00e4rvi.<\/li>\n<\/ul>\n<\/div><\/div><\/div><div class=\"fusion-layout-column fusion_builder_column fusion-builder-column-6 fusion_builder_column_1_2 1_2 fusion-flex-column\" style=\"--awb-bg-size:cover;--awb-width-large:50%;--awb-margin-top-large:0px;--awb-spacing-right-large:4.416%;--awb-margin-bottom-large:25px;--awb-spacing-left-large:4.416%;--awb-width-medium:50%;--awb-order-medium:0;--awb-spacing-right-medium:4.416%;--awb-spacing-left-medium:4.416%;--awb-width-small:100%;--awb-order-small:0;--awb-spacing-right-small:1.92%;--awb-spacing-left-small:1.92%;\"><div class=\"fusion-column-wrapper fusion-column-has-shadow fusion-flex-justify-content-flex-start fusion-content-layout-column\"><div class=\"fusion-title title fusion-title-6 fusion-sep-none fusion-title-text fusion-title-size-four\" style=\"--awb-margin-top-small:10px;--awb-margin-right-small:0px;--awb-margin-bottom-small:10px;--awb-margin-left-small:0px;\"><h4 class=\"fusion-title-heading title-heading-left\" style=\"margin:0;\">Agreement with Kela<\/h4><\/div><div class=\"fusion-text fusion-text-6\"><p>Rehabilitation can take place with funding from Kela if you meet the criteria for medical rehabilitation. The client must have a rehabilitation plan for therapy prepared by the responsible healthcare provider.<\/p>\n<\/div><div ><a class=\"fusion-button button-flat fusion-button-default-size button-default fusion-button-default button-3 fusion-button-default-span fusion-button-default-type\" target=\"_self\" href=\"https:\/\/www.kela.fi\/terapiat\"><span class=\"fusion-button-text awb-button__text awb-button__text--default\">Rehabilitation information from Kela<\/span><\/a><\/div><\/div><\/div><div class=\"fusion-layout-column fusion_builder_column fusion-builder-column-7 fusion_builder_column_1_2 1_2 fusion-flex-column\" style=\"--awb-bg-size:cover;--awb-width-large:50%;--awb-margin-top-large:0px;--awb-spacing-right-large:4.416%;--awb-margin-bottom-large:25px;--awb-spacing-left-large:4.416%;--awb-width-medium:50%;--awb-order-medium:0;--awb-spacing-right-medium:4.416%;--awb-spacing-left-medium:4.416%;--awb-width-small:100%;--awb-order-small:0;--awb-spacing-right-small:1.92%;--awb-spacing-left-small:1.92%;\"><div class=\"fusion-column-wrapper fusion-column-has-shadow fusion-flex-justify-content-flex-start fusion-content-layout-column\"><div class=\"fusion-title title fusion-title-7 fusion-sep-none fusion-title-text fusion-title-size-four\" style=\"--awb-margin-top-small:10px;--awb-margin-right-small:0px;--awb-margin-bottom-small:10px;--awb-margin-left-small:0px;\"><h4 class=\"fusion-title-heading title-heading-left\" style=\"margin:0;\">Healthcare Professionals<\/h4><\/div><div class=\"fusion-text fusion-text-7 fusion-text-no-margin\" style=\"--awb-margin-bottom:50px;\"><p>Outloud's therapists are healthcare professionals licensed by Valvira, whose qualifications can be verified through the JulkiTerhikki service.<\/p>\n<\/div><div ><a class=\"fusion-button button-flat fusion-button-default-size button-default fusion-button-default button-4 fusion-button-default-span fusion-button-default-type\" target=\"_self\" href=\"https:\/\/julkiterhikki.valvira.fi\/\"><span class=\"fusion-button-text awb-button__text awb-button__text--default\">Visit the JulkiTerhikki service<\/span><\/a><\/div><\/div><\/div><\/div><\/div><\/p>","protected":false},"excerpt":{"rendered":"","protected":false},"author":1,"featured_media":0,"parent":0,"menu_order":0,"comment_status":"closed","ping_status":"closed","template":"100-width.php","meta":{"footnotes":""},"class_list":["post-63","page","type-page","status-publish","hentry"],"_links":{"self":[{"href":"https:\/\/test.outloud.fi\/en\/wp-json\/wp\/v2\/pages\/63","targetHints":{"allow":["GET"]}}],"collection":[{"href":"https:\/\/test.outloud.fi\/en\/wp-json\/wp\/v2\/pages"}],"about":[{"href":"https:\/\/test.outloud.fi\/en\/wp-json\/wp\/v2\/types\/page"}],"author":[{"embeddable":true,"href":"https:\/\/test.outloud.fi\/en\/wp-json\/wp\/v2\/users\/1"}],"replies":[{"embeddable":true,"href":"https:\/\/test.outloud.fi\/en\/wp-json\/wp\/v2\/comments?post=63"}],"version-history":[{"count":14,"href":"https:\/\/test.outloud.fi\/en\/wp-json\/wp\/v2\/pages\/63\/revisions"}],"predecessor-version":[{"id":1267,"href":"https:\/\/test.outloud.fi\/en\/wp-json\/wp\/v2\/pages\/63\/revisions\/1267"}],"wp:attachment":[{"href":"https:\/\/test.outloud.fi\/en\/wp-json\/wp\/v2\/media?parent=63"}],"curies":[{"name":"wp","href":"https:\/\/api.w.org\/{rel}","templated":true}]}}